{"id":6465,"date":"2024-04-26T08:56:50","date_gmt":"2024-04-26T08:56:50","guid":{"rendered":"https:\/\/luan.webrt.net\/giatkholahoihanoi\/?page_id=6465"},"modified":"2024-04-26T08:56:50","modified_gmt":"2024-04-26T08:56:50","slug":"bao-gia-giat-la","status":"publish","type":"page","link":"https:\/\/giatla.vinastar.info\/?page_id=6465","title":{"rendered":"B\u00e1o gi\u00e1 gi\u1eb7t l\u00e0"},"content":{"rendered":"<p style=\"text-align: justify;\"><strong>Giatkholahoihanoi.com<\/strong>\u00a0l\u00e0<strong>\u00a0\u0111\u01a1n v\u1ecb gi\u1eb7t l\u00e0 uy t\u00edn<\/strong>\u00a0,ch\u1ea5t l\u01b0\u1ee3ng nh\u1ea5t t\u1ea1i H\u00e0 N\u1ed9i v\u1edbi c\u00f4ng ngh\u1ec7 gi\u1eb7t l\u00e0 ti\u00ean ti\u1ebfn , m\u00e1y gi\u1eb7t kh\u00f4 hi\u1ec7n \u0111\u1ea1i nh\u1ea5t .\u00a0<strong>Gi\u1eb7t Kh\u00f4 L\u00e0 H\u01a1i H\u00e0 N\u1ed9i<\/strong>\u00a0\u0111\u00e3 ra \u0111\u1eddi \u0111\u1ec3 \u0111\u00e1p \u1ee9ng nhu c\u1ea7u m\u1eb7c \u0111\u1eb9p, m\u1eb7c s\u1ea1ch. Ch\u00fang t\u00f4i kh\u00f4ng ng\u1eebng n\u00e2ng c\u1ea5p thi\u1ebft b\u1ecb, m\u00e1y m\u00f3c \u0111\u1ec3 x\u1eed l\u00fd t\u1ed1t h\u01a1n ch\u1ea5t l\u01b0\u1ee3ng d\u1ecbch v\u1ee5 c\u1ee7a m\u00ecnh. D\u1ecbch v\u1ee5 c\u1ee7a ch\u00fang t\u00f4i bao g\u1ed3m:<\/p>\n<ul style=\"text-align: justify;\">\n<li>\u00a0<strong>Gi\u1eb7t kh\u00f4, gi\u1eb7t \u01b0\u1edbt.<\/strong><\/li>\n<li><strong>\u00a0D\u1ecbch v\u1ee5 s\u1ea5y kh\u00f4.<\/strong><\/li>\n<li><strong>D\u1ecbch v\u1ee5 gi\u1eb7t v\u00e1y c\u01b0\u1edbi cao c\u1ea5p.<\/strong><\/li>\n<li><strong>\u00a0L\u00e0 h\u01a1i cao c\u1ea5p.<\/strong><\/li>\n<li><strong>G\u1ea5p qu\u1ea7n \u00e1o theo y\u00eau c\u1ea7u.<\/strong><\/li>\n<li><strong>\u00a0Giao nh\u1eadn t\u1ea1i nh\u00e0 Free.<\/strong><\/li>\n<\/ul>\n<p style=\"text-align: center;\">V\u1edbi m\u00e1y m\u00f3c hi\u1ec7n \u0111\u1ea1i ,\u0111\u1ed9i ng\u0169 nh\u00e2n vi\u00ean nhi\u1ec7t t\u00ecnh , ch\u0103m ch\u1ec9 ch\u00fang t\u00f4i lu\u00f4n mang l\u1ea1i l\u00f2ng tin cho kh\u00e1ch h\u00e0ng v\u1edbi ph\u01b0\u01a1ng ch\u00e2m :<br \/>\n<img decoding=\"async\" class=\"emoji\" role=\"img\" draggable=\"false\" src=\"https:\/\/s.w.org\/images\/core\/emoji\/14.0.0\/svg\/1f606.svg\" alt=\"\ud83d\ude06\" \/>\u00a0<strong>Ch\u1ea5t L\u01b0\u1ee3ng \u2013 Gi\u00e1 R\u1ebb \u2013 \u0110\u1ea3m B\u1ea3o \u2013 Uy T\u00edn\u00a0<img decoding=\"async\" class=\"emoji\" role=\"img\" draggable=\"false\" src=\"https:\/\/s.w.org\/images\/core\/emoji\/14.0.0\/svg\/1f606.svg\" alt=\"\ud83d\ude06\" \/>\u00a0<\/strong><\/p>\n<h3 style=\"text-align: justify;\">Danh s\u00e1ch \u0111\u1ea1i l\u00fd gi\u1eb7t l\u00e0<\/h3>\n<p style=\"text-align: justify;\">D\u01b0\u1edbi \u0111\u00e2y l\u00e0 danh s\u00e1ch nh\u1eefng khu v\u1ef1c, \u0111\u1ecba ch\u1ec9 m\u00e0<strong>\u00a0Gi\u1eb7t Kh\u00f4 L\u00e0 H\u01a1i H\u00e0 N\u1ed9i\u00a0<\/strong>\u0111ang ph\u1ee5c v\u1ee5\u00a0<strong>b\u00e1o gi\u00e1\u00a0d\u1ecbch v\u1ee5 gi\u1eb7t l\u00e0\u00a0t<\/strong>r\u1ea3i \u0111\u1ec1u tr\u00ean \u0111\u1ecba b\u00e0n th\u00e0nh ph\u1ed1 H\u00e0 N\u1ed9i kh\u00e1ch h\u00e0ng c\u00f3 th\u1ec3 tham kh\u1ea3o danh s\u00e1ch qu\u1eadn huy\u1ec7n d\u01b0\u1edbi \u0111\u00e2y:<\/p>\n<p style=\"text-align: justify;\">Th\u00e0nh ph\u1ed1 H\u00e0 N\u1ed9i: Qu\u1eadn Ba \u0110\u00ecnh, B\u1eafc T\u1eeb Li\u00eam, C\u1ea7u Gi\u1ea5y, \u0110\u1ed1ng \u0110a, H\u00e0 \u0110\u00f4ng, Hai B\u00e0 Tr\u01b0ng, Ho\u00e0n Ki\u1ebfm, Ho\u00e0ng Mai, Long Bi\u00ean, Nam T\u1eeb Li\u00eam, Thanh Xu\u00e2n, T\u00e2y H\u1ed3<\/p>\n<p style=\"text-align: justify;\">Huy\u1ec7n: Ba V\u00ec, Ch\u01b0\u01a1ng M\u1ef9, \u0110an Ph\u01b0\u1ee3ng, \u0110\u00f4ng Anh, Gia L\u00e2m, Ho\u00e0i \u0110\u1ee9c, M\u00ea Linh, M\u1ef9 \u0110\u1ee9c, Ph\u00fac Th\u1ecd, Ph\u00fa Xuy\u00ean, Qu\u1ed1c Oai, S\u00f3c S\u01a1n, Th\u1ea1ch Th\u1ea5t, Thanh Oai, Thanh Tr\u00ec, Th\u01b0\u1eddng T\u00edn, \u1ee8ng H\u00f2a;<\/p>\n<p style=\"text-align: justify;\">Th\u1ecb x\u00e3 S\u01a1n T\u00e2y.<\/p>\n<p style=\"text-align: justify;\">Xem c\u00e1c d\u1ecbch v\u1ee5 gi\u1eb7t l\u00e0 t\u1ea1i<strong>\u00a0Giatkholahoihanoi.com<\/strong>:<\/p>\n<ul style=\"text-align: justify;\">\n<li><strong>D\u1ecbch v\u1ee5 gi\u1eb7t kh\u00f4 l\u00e0 h\u01a1i<\/strong><\/li>\n<li><strong>D\u1ecbch v\u1ee5 gi\u1eb7t v\u00e1y c\u01b0\u1edbi<\/strong><\/li>\n<li><strong>D\u1ecbch v\u1ee5 gi\u1eb7t \u01b0\u1edbt s\u1ea5y kh\u00f4.<\/strong><\/li>\n<li><strong>D\u1ecbch v\u1ee5 gi\u1eb7t th\u1ea3m v\u0103n ph\u00f2ng.<\/strong><\/li>\n<\/ul>\n<p style=\"text-align: justify;\">M\u1ecdi th\u1eafc m\u1eafc h\u1ecfi \u0111\u00e1p v\u1ec1\u00a0<strong>b\u00e1o gi\u00e1 d\u1ecbch v\u1ee5 gi\u1eb7t l\u00e0<\/strong>\u00a0kh\u00e1c xin g\u1eedi v\u1ec1 \u0111\u1ecba ch\u1ec9 Email:\u00a0<strong>quanghuygiatla@gmail.com<\/strong>\u00a0ho\u1eb7c qua s\u1ed1 Hotline:<strong>\u00a00986.496.333<\/strong>\u00a0chuy\u00ean gia c\u1ee7a ch\u00fang t\u00f4i s\u1ebd gi\u1ea3i \u0111\u00e1p nh\u1eefng th\u1eafc m\u1eafc c\u1ee7a b\u1ea1n \u0111\u1ed3ng th\u1eddi \u0111\u01b0a ra nh\u1eefng l\u1eddi khuy\u00ean h\u1eefu \u00edch nh\u1ea5t gi\u00fap b\u1ea1n l\u1ef1a ch\u1ecdn \u0111\u01b0\u1ee3c d\u1ecbch v\u1ee5 gi\u1eb7t l\u00e0 t\u1ed1t nh\u1ea5t.<\/p>\n<p style=\"text-align: justify;\">M\u1ecdi chi ti\u1ebft v\u1ec1 d\u1ecbch v\u1ee5 gi\u1eb7t l\u00e0 m\u1ecdi ng\u01b0\u1eddi c\u00f3 th\u1ec3 li\u00ean h\u1ec7 chi ti\u1ebft:<br \/>\n<strong>\u0110\u1ecba ch\u1ec9 x\u01b0\u1edfng: Th\u00f4n Ng\u1ecdc Giang -X\u00e3 V\u0129nh Ng\u1ecdc -Huy\u1ec7n \u0110\u00f4ng Anh \u2013 TP. H\u00e0 N\u1ed9i.<\/strong><\/p>\n<p style=\"text-align: justify;\"><strong>\u0110\u1ecba l\u00fd t\u1ea1i H\u00e0 N\u1ed9i:<\/strong><\/p>\n<p style=\"text-align: justify;\"><strong>\u0110\u1ea1i l\u00fd 1: S\u1ed1 514 Tr\u01b0\u01a1ng \u0110\u1ecbnh \u2013 Ho\u00e0ng Mai \u2013 H\u00e0 N\u1ed9i.<\/strong><\/p>\n<p style=\"text-align: justify;\"><strong>\u0110\u1ea1i l\u00fd 2: S\u1ed1 40 Th\u1ee5y Khu\u00ea \u2013 Ba \u0110\u00ecnh \u2013 H\u00e0 N\u1ed9i<\/strong><\/p>\n<p style=\"text-align: justify;\"><strong>\u0110\u1ea1i l\u00fd 3: S\u1ed1 31- 33 Ng\u00f5 Tr\u1ea1i G\u0103ng- B\u1ea1ch Mai-HN<\/strong><\/p>\n<p style=\"text-align: justify;\"><strong>\u0110\u1ea1i l\u00fd 4: 14C- T\u00f2a nh\u00e0 B\u1eafc H\u00e0-L\u00ea V\u0103n L\u01b0\u01a1ng- H\u00e0 \u0110\u00f4ng-HN<\/strong><\/p>\n<p style=\"text-align: justify;\">Email:<strong>\u00a0quanghuygiatla@gmail.com<\/strong><br \/>\n\u0110i\u1ec7n tho\u1ea1i :<strong>0986.496.333<\/strong><br \/>\nWebsite:\u00a0<strong>https:\/\/giatkholahoihanoi.com<\/strong><\/p>\n","protected":false},"excerpt":{"rendered":"<p>Giatkholahoihanoi.com\u00a0l\u00e0\u00a0\u0111\u01a1n v\u1ecb gi\u1eb7t l\u00e0 uy t\u00edn\u00a0,ch\u1ea5t l\u01b0\u1ee3ng nh\u1ea5t t\u1ea1i H\u00e0 N\u1ed9i v\u1edbi c\u00f4ng ngh\u1ec7 gi\u1eb7t l\u00e0 ti\u00ean ti\u1ebfn , m\u00e1y gi\u1eb7t kh\u00f4 hi\u1ec7n \u0111\u1ea1i nh\u1ea5t .\u00a0Gi\u1eb7t Kh\u00f4 L\u00e0 H\u01a1i H\u00e0 N\u1ed9i\u00a0\u0111\u00e3 ra \u0111\u1eddi \u0111\u1ec3 \u0111\u00e1p \u1ee9ng nhu c\u1ea7u m\u1eb7c \u0111\u1eb9p, m\u1eb7c s\u1ea1ch. Ch\u00fang t\u00f4i kh\u00f4ng ng\u1eebng n\u00e2ng c\u1ea5p thi\u1ebft b\u1ecb, m\u00e1y m\u00f3c \u0111\u1ec3 x\u1eed l\u00fd&#8230;<\/p>\n","protected":false},"author":1,"featured_media":0,"parent":0,"menu_order":0,"comment_status":"closed","ping_status":"closed","template":"","meta":{"inline_featured_image":false,"footnotes":""},"yoast_head":"<!-- This site is optimized with the Yoast SEO plugin v21.2 - https:\/\/yoast.com\/wordpress\/plugins\/seo\/ -->\n<title>giatkholahoihanoi<\/title>\n<meta name=\"robots\" content=\"index, follow, max-snippet:-1, max-image-preview:large, max-video-preview:-1\" \/>\n<link rel=\"canonical\" href=\"https:\/\/giatla.vinastar.info\/?page_id=6465\" \/>\n<meta property=\"og:locale\" content=\"vi_VN\" \/>\n<meta property=\"og:type\" content=\"article\" \/>\n<meta property=\"og:title\" content=\"giatkholahoihanoi\" \/>\n<meta property=\"og:description\" content=\"Giatkholahoihanoi.com\u00a0l\u00e0\u00a0\u0111\u01a1n v\u1ecb gi\u1eb7t l\u00e0 uy t\u00edn\u00a0,ch\u1ea5t l\u01b0\u1ee3ng nh\u1ea5t t\u1ea1i H\u00e0 N\u1ed9i v\u1edbi c\u00f4ng ngh\u1ec7 gi\u1eb7t l\u00e0 ti\u00ean ti\u1ebfn , m\u00e1y gi\u1eb7t kh\u00f4 hi\u1ec7n \u0111\u1ea1i nh\u1ea5t .\u00a0Gi\u1eb7t Kh\u00f4 L\u00e0 H\u01a1i H\u00e0 N\u1ed9i\u00a0\u0111\u00e3 ra \u0111\u1eddi \u0111\u1ec3 \u0111\u00e1p \u1ee9ng nhu c\u1ea7u m\u1eb7c \u0111\u1eb9p, m\u1eb7c s\u1ea1ch. Ch\u00fang t\u00f4i kh\u00f4ng ng\u1eebng n\u00e2ng c\u1ea5p thi\u1ebft b\u1ecb, m\u00e1y m\u00f3c \u0111\u1ec3 x\u1eed l\u00fd...\" \/>\n<meta property=\"og:url\" content=\"https:\/\/giatla.vinastar.info\/?page_id=6465\" \/>\n<meta property=\"og:site_name\" content=\"giatkholahoihanoi\" \/>\n<meta property=\"og:image\" content=\"https:\/\/s.w.org\/images\/core\/emoji\/14.0.0\/svg\/1f606.svg\" \/>\n<meta name=\"twitter:card\" content=\"summary_large_image\" \/>\n<meta name=\"twitter:label1\" content=\"\u01af\u1edbc t\u00ednh th\u1eddi gian \u0111\u1ecdc\" \/>\n\t<meta name=\"twitter:data1\" content=\"3 ph\u00fat\" \/>\n<script type=\"application\/ld+json\" class=\"yoast-schema-graph\">{\"@context\":\"https:\/\/schema.org\",\"@graph\":[{\"@type\":\"WebPage\",\"@id\":\"https:\/\/giatla.vinastar.info\/?page_id=6465\",\"url\":\"https:\/\/giatla.vinastar.info\/?page_id=6465\",\"name\":\"giatkholahoihanoi\",\"isPartOf\":{\"@id\":\"https:\/\/giatla.vinastar.info\/#website\"},\"datePublished\":\"2024-04-26T08:56:50+00:00\",\"dateModified\":\"2024-04-26T08:56:50+00:00\",\"breadcrumb\":{\"@id\":\"https:\/\/giatla.vinastar.info\/?page_id=6465#breadcrumb\"},\"inLanguage\":\"vi\",\"potentialAction\":[{\"@type\":\"ReadAction\",\"target\":[\"https:\/\/giatla.vinastar.info\/?page_id=6465\"]}]},{\"@type\":\"BreadcrumbList\",\"@id\":\"https:\/\/giatla.vinastar.info\/?page_id=6465#breadcrumb\",\"itemListElement\":[{\"@type\":\"ListItem\",\"position\":1,\"name\":\"Trang ch\u1ee7\",\"item\":\"https:\/\/giatla.vinastar.info\/\"},{\"@type\":\"ListItem\",\"position\":2,\"name\":\"B\u00e1o gi\u00e1 gi\u1eb7t l\u00e0\"}]},{\"@type\":\"WebSite\",\"@id\":\"https:\/\/giatla.vinastar.info\/#website\",\"url\":\"https:\/\/giatla.vinastar.info\/\",\"name\":\"giatkholahoihanoi\",\"description\":\"giatkholahoihanoi\",\"potentialAction\":[{\"@type\":\"SearchAction\",\"target\":{\"@type\":\"EntryPoint\",\"urlTemplate\":\"https:\/\/giatla.vinastar.info\/?s={search_term_string}\"},\"query-input\":\"required name=search_term_string\"}],\"inLanguage\":\"vi\"}]}<\/script>\n<!-- \/ Yoast SEO plugin. -->","yoast_head_json":{"title":"giatkholahoihanoi","robots":{"index":"index","follow":"follow","max-snippet":"max-snippet:-1","max-image-preview":"max-image-preview:large","max-video-preview":"max-video-preview:-1"},"canonical":"https:\/\/giatla.vinastar.info\/?page_id=6465","og_locale":"vi_VN","og_type":"article","og_title":"giatkholahoihanoi","og_description":"Giatkholahoihanoi.com\u00a0l\u00e0\u00a0\u0111\u01a1n v\u1ecb gi\u1eb7t l\u00e0 uy t\u00edn\u00a0,ch\u1ea5t l\u01b0\u1ee3ng nh\u1ea5t t\u1ea1i H\u00e0 N\u1ed9i v\u1edbi c\u00f4ng ngh\u1ec7 gi\u1eb7t l\u00e0 ti\u00ean ti\u1ebfn , m\u00e1y gi\u1eb7t kh\u00f4 hi\u1ec7n \u0111\u1ea1i nh\u1ea5t .\u00a0Gi\u1eb7t Kh\u00f4 L\u00e0 H\u01a1i H\u00e0 N\u1ed9i\u00a0\u0111\u00e3 ra \u0111\u1eddi \u0111\u1ec3 \u0111\u00e1p \u1ee9ng nhu c\u1ea7u m\u1eb7c \u0111\u1eb9p, m\u1eb7c s\u1ea1ch. Ch\u00fang t\u00f4i kh\u00f4ng ng\u1eebng n\u00e2ng c\u1ea5p thi\u1ebft b\u1ecb, m\u00e1y m\u00f3c \u0111\u1ec3 x\u1eed l\u00fd...","og_url":"https:\/\/giatla.vinastar.info\/?page_id=6465","og_site_name":"giatkholahoihanoi","og_image":[{"url":"https:\/\/s.w.org\/images\/core\/emoji\/14.0.0\/svg\/1f606.svg"}],"twitter_card":"summary_large_image","twitter_misc":{"\u01af\u1edbc t\u00ednh th\u1eddi gian \u0111\u1ecdc":"3 ph\u00fat"},"schema":{"@context":"https:\/\/schema.org","@graph":[{"@type":"WebPage","@id":"https:\/\/giatla.vinastar.info\/?page_id=6465","url":"https:\/\/giatla.vinastar.info\/?page_id=6465","name":"giatkholahoihanoi","isPartOf":{"@id":"https:\/\/giatla.vinastar.info\/#website"},"datePublished":"2024-04-26T08:56:50+00:00","dateModified":"2024-04-26T08:56:50+00:00","breadcrumb":{"@id":"https:\/\/giatla.vinastar.info\/?page_id=6465#breadcrumb"},"inLanguage":"vi","potentialAction":[{"@type":"ReadAction","target":["https:\/\/giatla.vinastar.info\/?page_id=6465"]}]},{"@type":"BreadcrumbList","@id":"https:\/\/giatla.vinastar.info\/?page_id=6465#breadcrumb","itemListElement":[{"@type":"ListItem","position":1,"name":"Trang ch\u1ee7","item":"https:\/\/giatla.vinastar.info\/"},{"@type":"ListItem","position":2,"name":"B\u00e1o gi\u00e1 gi\u1eb7t l\u00e0"}]},{"@type":"WebSite","@id":"https:\/\/giatla.vinastar.info\/#website","url":"https:\/\/giatla.vinastar.info\/","name":"giatkholahoihanoi","description":"giatkholahoihanoi","potentialAction":[{"@type":"SearchAction","target":{"@type":"EntryPoint","urlTemplate":"https:\/\/giatla.vinastar.info\/?s={search_term_string}"},"query-input":"required name=search_term_string"}],"inLanguage":"vi"}]}},"_links":{"self":[{"href":"https:\/\/giatla.vinastar.info\/index.php?rest_route=\/wp\/v2\/pages\/6465"}],"collection":[{"href":"https:\/\/giatla.vinastar.info\/index.php?rest_route=\/wp\/v2\/pages"}],"about":[{"href":"https:\/\/giatla.vinastar.info\/index.php?rest_route=\/wp\/v2\/types\/page"}],"author":[{"embeddable":true,"href":"https:\/\/giatla.vinastar.info\/index.php?rest_route=\/wp\/v2\/users\/1"}],"replies":[{"embeddable":true,"href":"https:\/\/giatla.vinastar.info\/index.php?rest_route=%2Fwp%2Fv2%2Fcomments&post=6465"}],"version-history":[{"count":1,"href":"https:\/\/giatla.vinastar.info\/index.php?rest_route=\/wp\/v2\/pages\/6465\/revisions"}],"predecessor-version":[{"id":6466,"href":"https:\/\/giatla.vinastar.info\/index.php?rest_route=\/wp\/v2\/pages\/6465\/revisions\/6466"}],"wp:attachment":[{"href":"https:\/\/giatla.vinastar.info\/index.php?rest_route=%2Fwp%2Fv2%2Fmedia&parent=6465"}],"curies":[{"name":"wp","href":"https:\/\/api.w.org\/{rel}","templated":true}]}}